{"id":43,"date":"2017-01-11T12:33:08","date_gmt":"2017-01-11T11:33:08","guid":{"rendered":"https:\/\/diabay.net\/?page_id=43"},"modified":"2024-07-22T12:16:21","modified_gmt":"2024-07-22T10:16:21","slug":"wir-ueber-uns","status":"publish","type":"page","link":"https:\/\/diabay.net\/index.php\/wir-ueber-uns\/","title":{"rendered":"Wir \u00fcber uns"},"content":{"rendered":"<p>Wir als Fachkommission Diabetes Bayern vertreten den wissenschaftlichen Part der bayerischen Diabetesversorgung.<\/p>\n<p>Die Fachkommission Diabetes in Bayern e.V. (FKDB) wurde 1994 gegr\u00fcndet und 1996 als Landesverband der Deutschen Diabetesgesellschaft anerkannt.<\/p>\n<p>Die Fachkommission Diabetes in Bayern e.V. hat sich die Aufgabe gestellt, die Versorgung von Personen mit Diabetes im Sinne der St.\u00a0Vincent Deklaration und der D\u00fcsseldorfer Resolution zu verbessern.<\/p>\n<p><strong>Aufgaben der FKDB<\/strong><\/p>\n<ol>\n<li>Wir agieren als Landesverband der DDG, d.h. wir wirken an der Erstellung und Umsetzung von Leitlinien mit.<\/li>\n<li>Wir erstellen praxisnahe Leitf\u00e4den zur Behandlung spezieller Krankheitsbilder (z.B. Flyer GDM, Nephropathie etc.).<\/li>\n<li>Wir bem\u00fchen uns um eine Kooperation und Fortbildung mit Kollegen aus Gyn\u00e4kologie, Nephrologie, Kardiologie, Neurologie, Chirurgie, P\u00e4diatrie und Orthop\u00e4die.<\/li>\n<li>Wir bringen unsere bayerischen Interessen in die DDG ein.<\/li>\n<\/ol>\n<p><strong>Warum soll ich bei der FKDB Mitglied werden?<\/strong><\/p>\n<p><em>Warum ist eine Mitgliedschaft in der FKDB f\u00fcr Diabetesberater\/-innen interessant?<\/em><\/p>\n<p>Die Diabeteslandschaft in Deutschland ist in den einzelnen Bundesl\u00e4ndern sehr verschieden. Das gilt auch f\u00fcr die Schulungs- und Beratungsberufe. Als bayerischer Landesverband der DDG werden in der FKDB Probleme thematisiert, die konkret f\u00fcr die Arbeit im Bundesland Bayern von Interesse sind. Tipps, Empfehlungen und Informationen sind auf der Homepage zu lesen. Au\u00dferdem werden qualitativ hochwertige Fortbildungsveranstaltungen pharmaneutral angeboten.<\/p>\n<p><em>Diabetologinnen\/Diabetologen<\/em><\/p>\n<p>Die FKDB bietet Ihnen Unterst\u00fctzung in der t\u00e4glichen klinischen und praktischen Arbeit. Dazu geh\u00f6ren die Aufbereitung aktueller wissenschaftlicher Themen, Beitr\u00e4ge zum Qualit\u00e4tsmanagement und Therapieempfehlungen mittels Patienteninformationen, auch in Fremdsprachen. Ein regelm\u00e4\u00dfiger Rundbrief informiert per Email \u00fcber Entwicklungen, die im Bereich der Diabetologie wichtig sind. Als bayerischer Arm der DDG stellen wir auch lokale Besonderheiten bei der Versorgung heraus.<\/p>\n<p><em>Orthop\u00e4dieschuhmacherinnen\/Orthop\u00e4dieschuhmacher<\/em><\/p>\n<p>Der Patient steht immer im Fokus einer ganzheitlichen Versorgung. Daf\u00fcr sind Teamplayer und Experten aller Fachrichtungen gefragt. Der Orthop\u00e4die-Schuhtechniker kann sein Wissen nur dann perfekt einbringen, wenn er die f\u00fcr ihn relevanten Informationen der beteiligten Fachrichtungen kennt, sie einsch\u00e4tzt und versteht. Dazu bedarf es Fortbildungen und Austausch mit Kollegen, \u00c4rzten, Podologen und weiteren Experten. Die FKDB bietet hierzu die optimale Plattform.<\/p>\n<p>Unseren Mitgliedsantrag k\u00f6nnen Sie <a href=\"https:\/\/diabay.net\/https:\/\/diabay.net\/wp-content\/uploads\/2022\/06\/V_Formular_Mitgliedsantrag_Stand-05-2022.pdf\">hier<\/a> herunterladen, die Satzung finden Sie <a href=\"https:\/\/diabay.net\/https:\/\/diabay.net\/wp-content\/uploads\/2017\/07\/geaenderte-Satzung-nach-MV-Beschluss-2023.pdf\">hier<\/a>.<\/p>\n<p>Die FKDB wird derzeit von Frau Dr. Veronika Hollenrieder und Frau Annette Hobelsberger vertreten.<\/p>\n<p><strong><span style=\"color: #3180b9;\">Wir freuen uns auf neuen Input von allen, denen der Diabetes eine Herzensangelegenheit ist. Ein interdisziplin\u00e4rer Austausch mit allen Berufsverb\u00e4nden ist wesentlicher Bestandteil unserer Arbeit.<\/span><\/strong><\/p>\n","protected":false},"excerpt":{"rendered":"<p>Wir als Fachkommission Diabetes Bayern vertreten den wissenschaftlichen Part der bayerischen Diabetesversorgung. Die Fachkommission Diabetes in Bayern e.V. (FKDB) wurde 1994 gegr\u00fcndet und 1996 als Landesverband der Deutschen Diabetesgesellschaft anerkannt. Die Fachkommission Diabetes in Bayern e.V. hat sich die Aufgabe gestellt, die Versorgung von Personen mit Diabetes im Sinne der St.\u00a0Vincent Deklaration und der D\u00fcsseldorfer [&hellip;]<\/p>\n","protected":false},"author":1,"featured_media":0,"parent":0,"menu_order":0,"comment_status":"closed","ping_status":"closed","template":"plaintext.php","meta":{"_acf_changed":false,"footnotes":""},"class_list":["post-43","page","type-page","status-publish","hentry"],"acf":[],"_links":{"self":[{"href":"https:\/\/diabay.net\/index.php\/wp-json\/wp\/v2\/pages\/43","targetHints":{"allow":["GET"]}}],"collection":[{"href":"https:\/\/diabay.net\/index.php\/wp-json\/wp\/v2\/pages"}],"about":[{"href":"https:\/\/diabay.net\/index.php\/wp-json\/wp\/v2\/types\/page"}],"author":[{"embeddable":true,"href":"https:\/\/diabay.net\/index.php\/wp-json\/wp\/v2\/users\/1"}],"replies":[{"embeddable":true,"href":"https:\/\/diabay.net\/index.php\/wp-json\/wp\/v2\/comments?post=43"}],"version-history":[{"count":21,"href":"https:\/\/diabay.net\/index.php\/wp-json\/wp\/v2\/pages\/43\/revisions"}],"predecessor-version":[{"id":473,"href":"https:\/\/diabay.net\/index.php\/wp-json\/wp\/v2\/pages\/43\/revisions\/473"}],"wp:attachment":[{"href":"https:\/\/diabay.net\/index.php\/wp-json\/wp\/v2\/media?parent=43"}],"curies":[{"name":"wp","href":"https:\/\/api.w.org\/{rel}","templated":true}]}}