{"id":97,"date":"2017-01-13T16:11:46","date_gmt":"2017-01-13T15:11:46","guid":{"rendered":"https:\/\/diabay.net\/?page_id=97"},"modified":"2024-01-12T13:57:44","modified_gmt":"2024-01-12T12:57:44","slug":"impressum","status":"publish","type":"page","link":"https:\/\/diabay.net\/index.php\/impressum\/","title":{"rendered":"Impressum"},"content":{"rendered":"<p>Gesch\u00e4ftsstelle Diabetesgesellschaft in Bayern<br \/>\nDiabetesgesellschaft in Bayern e.V.<br \/>\nc\/o Fachklinik Bad Heilbrunn<br \/>\nSekretariat Diabetologie<\/p>\n<p>W\u00f6rnerweg 30<br \/>\n83670 Bad Heilbrunn<\/p>\n<p>Telefon +49 8046 18 41 06<br \/>\nTelefax +49 8046 18 40 88<\/p>\n<p>E-Mail: info@fkdb.net<br \/>\nwww.fkdb.net<\/p>\n<p>Ansprechpartner: \u00a0Frau Silke Schallameier<\/p>\n<p>Gesch\u00e4ftszeiten:\u00a0 Montag bis Freitag von 09:00 \u2013 12:00 Uhr<\/p>\n<p><b>Haftungsausschluss<br \/>\n<\/b>1. Inhalt des Onlineangebotes Der Autor \u00fcbernimmt keinerlei Gew\u00e4hr f\u00fcr die Aktualit\u00e4t, Korrektheit, Vollst\u00e4ndigkeit oder Qualit\u00e4t der bereitgestellten Informationen. Haftungsanspr\u00fcche gegen den Autor, welche sich auf Sch\u00e4den materieller oder ideeller Art beziehen, die durch die Nutzung oder Nichtnutzung der dargebotenen Informationen bzw. durch die Nutzung fehlerhafter und unvollst\u00e4ndiger Informationen verursacht wurden, sind grunds\u00e4tzlich ausgeschlossen, sofern seitens des Autors kein nachweislich vors\u00e4tzliches oder grob fahrl\u00e4ssiges Verschulden vorliegt.<br \/>\nAlle Angebote sind freibleibend und unverbindlich. Der Autor beh\u00e4lt es sich ausdr\u00fccklich vor, Teile der Seiten oder das gesamte Angebot ohne gesonderte Ank\u00fcndigung zu ver\u00e4ndern, zu erg\u00e4nzen, zu l\u00f6schen oder die Ver\u00f6ffentlichung zeitweise oder endg\u00fcltig einzustellen.<br \/>\n2. Verweise und Links Bei direkten oder indirekten Verweisen auf fremde Webseiten (&#8222;Hyperlinks&#8220;), die au\u00dferhalb des Verantwortungsbereiches des Autors liegen, haftet allein der Anbieter der Seite, auf welche verwiesen wurde, nicht derjenige, der \u00fcber Links auf die jeweilige Ver\u00f6ffentlichung lediglich verweist.<br \/>\n3. Urheber- und Kennzeichenrecht Der Autor ist bestrebt, in allen Publikationen die Urheberrechte der verwendeten Grafiken, Tondokumente, Videosequenzen und Texte zu beachten, von ihm selbst erstellte Grafiken, Tondokumente, Videosequenzen und Texte zu nutzen oder auf lizenzfreie Grafiken, Tondokumente, Videosequenzen und Texte zur\u00fcckzugreifen.<br \/>\nAlle innerhalb des Internetangebotes genannten und ggf. durch Dritte gesch\u00fctzten Marken- und Warenzeichen unterliegen uneingeschr\u00e4nkt den Bestimmungen des jeweils g\u00fcltigen Kennzeichenrechts und den Besitzrechten der jeweiligen eingetragenen Eigent\u00fcmer. Allein aufgrund der blo\u00dfen Nennung ist nicht der Schluss zu ziehen, dass Markenzeichen nicht durch Rechte Dritter gesch\u00fctzt sind!<br \/>\nDas Copyright f\u00fcr ver\u00f6ffentlichte, vom Autor selbst erstellte Objekte bleibt allein beim Autor der Seiten. Eine Vervielf\u00e4ltigung oder Verwendung solcher Grafiken, Tondokumente, Videosequenzen und Texte in anderen elektronischen oder gedruckten Publikationen ist ohne ausdr\u00fcckliche Zustimmung des Autors nicht gestattet.<\/p>\n<h2><a name=\"087187a02b0e52501\"><\/a>Erg\u00e4nzung betr. Haftungsausschlu\u00df<\/h2>\n<p>Das Landgericht Hamburg hat mit Urteil vom 12.05.1998 entschieden, dass man durch das Setzen eines Links die Inhalte der verlinkten Seiten ggf. mit zu verantworten hat. Dies kann &#8211; so das LG &#8211; nur dadurch verhindert werden, dass man sich ausdr\u00fccklich von diesen Inhalten distanziert. Deswegen folgender Text:<br \/>\nWir haben auf unserer Homepage Links zu anderen Seiten gesetzt. F\u00fcr all diese Links gilt: &#8222;Wir m\u00f6chten ausdr\u00fccklich betonen, dass wir keinerlei Einflu\u00df auf die Gestaltung und die Inhalte der hier verlinkten Seiten haben. Deshalb distanzieren wir uns hiermit ausdr\u00fccklich von allen Inhalten aller verlinkten Seiten auf dieser gesamten Website inkl. alle Unterseiten. Diese Erkl\u00e4rung gilt f\u00fcr alle auf unserer Homepage ausgebrachten Links und f\u00fcr alle Inhalte der Seiten, zu denen Links oder Banner f\u00fchren.&#8220;<\/p>\n<h2><a name=\"087187a2d6105e701\"><\/a>Weitere Erg\u00e4nzungen (Febr.2014)<\/h2>\n<p><b>Weitere Hinweis zu externen Links:<\/b><br \/>\nDie Fachkommission Diabetes in Bayern e.V. (FKDB) ist als Inhalteanbieter (Content provider) nach \u00a7 6 des Teledienstegesetzes (TDG) bzw. \u00a7 6 Mediendienstestaatsvertrag (MDStV) f\u00fcr die &#8222;eigenen Inhalte&#8220;, die sie zur Nutzung bereith\u00e4lt, verantwortlich.<br \/>\nVon diesen eigenen Inhalten sind Querverweise (&#8222;Links&#8220;) auf die von anderen Anbietern bereitgehaltenen Inhalte zu unterscheiden. Durch Querverweise h\u00e4lt die Fachkommission Diabetes in Bayern e.V. (FKDB) &#8222;fremde Inhalte&#8220; zur Nutzung bereit.<br \/>\nDie Fachkommission Diabetes in Bayern e.V. (FKDB) hat bei der erstmaligen Verkn\u00fcpfung die fremden Inhalte gesichtet. Bei Links handelt es sich allerdings stets um &#8222;lebende&#8220; (dynamische) Verweisungen; die fremden Inhalte k\u00f6nnen deshalb ge\u00e4ndert worden sein, ohne dass die Fachkommission Diabetes in Bayern e.V. (FKDB) hiervon Kenntnis hat.<br \/>\nSollte die Fachkommission Diabetes in Bayern e.V. (FKDB) feststellen oder von anderen darauf hingewiesen werden, dass ein Angebot, zu dem die Fachkommission Diabetes in Bayern e.V. (FKDB) eine Verkn\u00fcpfung bereitstellt, rechtswidrige oder strafbare Inhalte aufweist, wird die Fachkommission Diabetes in Bayern e.V. (FKDB) umgehend die Verkn\u00fcpfung aufheben, sofern es technisch m\u00f6glich und zumutbar ist.<br \/>\nDer Inhalt verlinkter Websites unterliegt nicht der Kontrolle der Fachkommission Diabetes in Bayern e.V. (FKDB), sie ist auch f\u00fcr den Inhalt der verlinkten Seiten nicht verantwortlich. Die Fachkommission Diabetes in Bayern e.V. (FKDB) bietet diese Links als kostenfreien Service an, macht sich deren Inhalt jedoch nicht zu eigen und besitzt auch keine Kenntnis von rechtswidrigen Inhalten auf den verlinkten Seiten.<\/p>\n<p><b>Haftungsausschluss:<\/b><br \/>\nAlle Informationen auf dieser Website erfolgen ohne Gew\u00e4hr f\u00fcr die Richtigkeit. In keinem Fall wird von der Fachkommission Diabetes in Bayern e.V. (FKDB) f\u00fcr Sch\u00e4den, die sich aus der Verwendung der abgerufenen Informationen ergeben, eine Haftung \u00fcbernommen.<\/p>\n","protected":false},"excerpt":{"rendered":"<p>Gesch\u00e4ftsstelle Diabetesgesellschaft in Bayern Diabetesgesellschaft in Bayern e.V. c\/o Fachklinik Bad Heilbrunn Sekretariat Diabetologie W\u00f6rnerweg 30 83670 Bad Heilbrunn Telefon +49 8046 18 41 06 Telefax +49 8046 18 40 88 E-Mail: info@fkdb.net www.fkdb.net Ansprechpartner: \u00a0Frau Silke Schallameier Gesch\u00e4ftszeiten:\u00a0 Montag bis Freitag von 09:00 \u2013 12:00 Uhr Haftungsausschluss 1. Inhalt des Onlineangebotes Der Autor \u00fcbernimmt [&hellip;]<\/p>\n","protected":false},"author":1,"featured_media":0,"parent":0,"menu_order":0,"comment_status":"closed","ping_status":"closed","template":"plaintext.php","meta":{"_acf_changed":false,"footnotes":""},"class_list":["post-97","page","type-page","status-publish","hentry"],"acf":[],"_links":{"self":[{"href":"https:\/\/diabay.net\/index.php\/wp-json\/wp\/v2\/pages\/97","targetHints":{"allow":["GET"]}}],"collection":[{"href":"https:\/\/diabay.net\/index.php\/wp-json\/wp\/v2\/pages"}],"about":[{"href":"https:\/\/diabay.net\/index.php\/wp-json\/wp\/v2\/types\/page"}],"author":[{"embeddable":true,"href":"https:\/\/diabay.net\/index.php\/wp-json\/wp\/v2\/users\/1"}],"replies":[{"embeddable":true,"href":"https:\/\/diabay.net\/index.php\/wp-json\/wp\/v2\/comments?post=97"}],"version-history":[{"count":7,"href":"https:\/\/diabay.net\/index.php\/wp-json\/wp\/v2\/pages\/97\/revisions"}],"predecessor-version":[{"id":463,"href":"https:\/\/diabay.net\/index.php\/wp-json\/wp\/v2\/pages\/97\/revisions\/463"}],"wp:attachment":[{"href":"https:\/\/diabay.net\/index.php\/wp-json\/wp\/v2\/media?parent=97"}],"curies":[{"name":"wp","href":"https:\/\/api.w.org\/{rel}","templated":true}]}}